{"id":31,"date":"2025-02-03T17:02:03","date_gmt":"2025-02-03T16:02:03","guid":{"rendered":"https:\/\/acaciaeditions.com\/?page_id=31"},"modified":"2025-02-17T23:50:15","modified_gmt":"2025-02-17T22:50:15","slug":"contact-2","status":"publish","type":"page","link":"https:\/\/acaciaeditions.com\/index.php\/contact-2\/","title":{"rendered":"Contact"},"content":{"rendered":"\n<div class=\"wp-block-group has-global-padding is-layout-constrained wp-block-group-is-layout-constrained\">\n<div class=\"wp-block-columns are-vertically-aligned-top is-layout-flex wp-container-core-columns-is-layout-d7d455e7 wp-block-columns-is-layout-flex\" style=\"padding-top:0;padding-right:0;padding-bottom:0;padding-left:0\">\n<div class=\"wp-block-column is-vertically-aligned-top is-layout-flow wp-block-column-is-layout-flow\" style=\"padding-right:7%;flex-basis:50%\">\n<p class=\"has-text-color\" style=\"color:#0bb4aa\">Contactez-nous !<\/p>\n\n\n\n<h2 class=\"wp-block-heading has-large-font-size\">Un proto \u00e0 nous pr\u00e9senter?<\/h2>\n\n\n\n<p>N&#8217;h\u00e9sitez pas \u00e0 nous \u00e9crire \u00e0 contact@acaciaeditions.com si vous voulez nous soumettre un prototype et\/ou connaitre notre ligne \u00e9ditoriale ! Nous sommes encore \u00e0 la recherche de notre premier jeu (et des prochains !)<br><\/p>\n<\/div>\n<\/div>\n<\/div>\n\n\n\n<div class=\"wp-block-group alignfull has-global-padding is-layout-constrained wp-container-core-group-is-layout-19e250f3 wp-block-group-is-layout-constrained\">\n<div class=\"wp-block-columns alignfull are-vertically-aligned-center has-light-background-background-color has-background is-layout-flex wp-container-core-columns-is-layout-dd282781 wp-block-columns-is-layout-flex\" style=\"padding-top:0;padding-right:0;padding-bottom:0;padding-left:0\">\n<div class=\"wp-block-column is-layout-flow wp-block-column-is-layout-flow\">\n<div class=\"wp-block-cover alignfull\" style=\"min-height:100vh;aspect-ratio:unset;\"><span aria-hidden=\"true\" class=\"wp-block-cover__background has-background-dim\"><\/span><img loading=\"lazy\" decoding=\"async\" width=\"1024\" height=\"683\" class=\"wp-block-cover__image-background wp-image-60\" alt=\"\" src=\"https:\/\/acaciaeditions.com\/wp-content\/uploads\/2025\/02\/Spirale-81-1024x683.jpg\" data-object-fit=\"cover\" srcset=\"https:\/\/acaciaeditions.com\/wp-content\/uploads\/2025\/02\/Spirale-81-1024x683.jpg 1024w, https:\/\/acaciaeditions.com\/wp-content\/uploads\/2025\/02\/Spirale-81-300x200.jpg 300w, https:\/\/acaciaeditions.com\/wp-content\/uploads\/2025\/02\/Spirale-81-2000x1333.jpg 2000w\" sizes=\"auto, (max-width: 1024px) 100vw, 1024px\" \/><div class=\"wp-block-cover__inner-container is-layout-flow wp-block-cover-is-layout-flow\">\n<p class=\"has-text-align-center has-large-font-size\"><\/p>\n<\/div><\/div>\n<\/div>\n<\/div>\n<\/div>\n\n\n\n<div class=\"wp-block-group has-global-padding is-layout-constrained wp-block-group-is-layout-constrained\">\n<div class=\"wp-block-columns are-vertically-aligned-center is-layout-flex wp-container-core-columns-is-layout-4ed999c3 wp-block-columns-is-layout-flex\" style=\"padding-top:var(--wp--preset--spacing--60);padding-bottom:var(--wp--preset--spacing--60);padding-left:0\">\n<div class=\"wp-block-column is-vertically-aligned-center has-global-padding is-content-justification-left is-layout-constrained wp-container-core-column-is-layout-12dd3699 wp-block-column-is-layout-constrained\" style=\"flex-basis:66.66%\">\n<p><strong>Vous voulez rejoindre notre \u00e9quipe ?<br>C&#8217;est un peu t\u00f4t, mais un jour peut-\u00eatre !<\/strong><\/p>\n<\/div>\n\n\n\n<div class=\"wp-block-column is-vertically-aligned-center is-layout-flow wp-block-column-is-layout-flow\" style=\"flex-basis:33.33%\">\n<div class=\"wp-block-buttons is-content-justification-right is-layout-flex wp-container-core-buttons-is-layout-d445cf74 wp-block-buttons-is-layout-flex\"><\/div>\n<\/div>\n<\/div>\n<\/div>\n\n\n\n<p><\/p>\n","protected":false},"excerpt":{"rendered":"<p>Contactez-nous ! Un proto \u00e0 nous pr\u00e9senter? N&#8217;h\u00e9sitez pas \u00e0 nous \u00e9crire \u00e0 contact@acaciaeditions.com si vous voulez nous soumettre un prototype et\/ou connaitre notre ligne \u00e9ditoriale ! Nous sommes encore \u00e0 la recherche de notre premier jeu (et des prochains !) Vous voulez rejoindre notre \u00e9quipe ?C&#8217;est un peu t\u00f4t, mais un jour peut-\u00eatre !<\/p>\n","protected":false},"author":1,"featured_media":28,"parent":0,"menu_order":0,"comment_status":"closed","ping_status":"closed","template":"","meta":{"footnotes":""},"class_list":["post-31","page","type-page","status-publish","has-post-thumbnail","hentry"],"_links":{"self":[{"href":"https:\/\/acaciaeditions.com\/index.php\/wp-json\/wp\/v2\/pages\/31","targetHints":{"allow":["GET"]}}],"collection":[{"href":"https:\/\/acaciaeditions.com\/index.php\/wp-json\/wp\/v2\/pages"}],"about":[{"href":"https:\/\/acaciaeditions.com\/index.php\/wp-json\/wp\/v2\/types\/page"}],"author":[{"embeddable":true,"href":"https:\/\/acaciaeditions.com\/index.php\/wp-json\/wp\/v2\/users\/1"}],"replies":[{"embeddable":true,"href":"https:\/\/acaciaeditions.com\/index.php\/wp-json\/wp\/v2\/comments?post=31"}],"version-history":[{"count":8,"href":"https:\/\/acaciaeditions.com\/index.php\/wp-json\/wp\/v2\/pages\/31\/revisions"}],"predecessor-version":[{"id":68,"href":"https:\/\/acaciaeditions.com\/index.php\/wp-json\/wp\/v2\/pages\/31\/revisions\/68"}],"wp:featuredmedia":[{"embeddable":true,"href":"https:\/\/acaciaeditions.com\/index.php\/wp-json\/wp\/v2\/media\/28"}],"wp:attachment":[{"href":"https:\/\/acaciaeditions.com\/index.php\/wp-json\/wp\/v2\/media?parent=31"}],"curies":[{"name":"wp","href":"https:\/\/api.w.org\/{rel}","templated":true}]}}